{"id":2912,"date":"2022-02-24T11:04:08","date_gmt":"2022-02-24T11:04:08","guid":{"rendered":"http:\/\/www.genealogy.lt\/wordpress\/?page_id=2912"},"modified":"2022-02-25T13:48:20","modified_gmt":"2022-02-25T13:48:20","slug":"pirmieji-pasaulio-pasto-zenklai","status":"publish","type":"page","link":"https:\/\/www.genealogy.lt\/album\/pirmieji-pasaulio-pasto-zenklai\/","title":{"rendered":"Pirmieji pasaulio pa\u0161to \u017eenklai"},"content":{"rendered":"\t\t<div data-elementor-type=\"wp-page\" data-elementor-id=\"2912\" class=\"elementor elementor-2912\" data-elementor-settings=\"[]\">\n\t\t\t\t\t\t\t<div class=\"elementor-section-wrap\">\n\t\t\t\t\t\t\t<section class=\"elementor-section elementor-top-section elementor-element elementor-element-dfab192 elementor-section-boxed elementor-section-height-default elementor-section-height-default\" data-id=\"dfab192\" data-element_type=\"section\">\n\t\t\t\t\t\t<div class=\"elementor-container elementor-column-gap-default\">\n\t\t\t\t\t<div class=\"elementor-column elementor-col-66 elementor-top-column elementor-element elementor-element-5480cd1\" data-id=\"5480cd1\" data-element_type=\"column\">\n\t\t\t<div class=\"elementor-widget-wrap elementor-element-populated\">\n\t\t\t\t\t\t\t\t<div class=\"elementor-element elementor-element-3996451 elementor-widget elementor-widget-heading\" data-id=\"3996451\" data-element_type=\"widget\" data-widget_type=\"heading.default\">\n\t\t\t\t<div class=\"elementor-widget-container\">\n\t\t\t<style>\/*! elementor - v3.5.6 - 28-02-2022 *\/\n.elementor-heading-title{padding:0;margin:0;line-height:1}.elementor-widget-heading .elementor-heading-title[class*=elementor-size-]>a{color:inherit;font-size:inherit;line-height:inherit}.elementor-widget-heading .elementor-heading-title.elementor-size-small{font-size:15px}.elementor-widget-heading .elementor-heading-title.elementor-size-medium{font-size:19px}.elementor-widget-heading .elementor-heading-title.elementor-size-large{font-size:29px}.elementor-widget-heading .elementor-heading-title.elementor-size-xl{font-size:39px}.elementor-widget-heading .elementor-heading-title.elementor-size-xxl{font-size:59px}<\/style><h2 class=\"elementor-heading-title elementor-size-default\">Pirmieji pasaulyje pa\u0161to \u017eenklai<\/h2>\t\t<\/div>\n\t\t\t\t<\/div>\n\t\t\t\t<div class=\"elementor-element elementor-element-079d91b elementor-widget elementor-widget-text-editor\" data-id=\"079d91b\" data-element_type=\"widget\" data-widget_type=\"text-editor.default\">\n\t\t\t\t<div class=\"elementor-widget-container\">\n\t\t\t<style>\/*! elementor - v3.5.6 - 28-02-2022 *\/\n.elementor-widget-text-editor.elementor-drop-cap-view-stacked .elementor-drop-cap{background-color:#818a91;color:#fff}.elementor-widget-text-editor.elementor-drop-cap-view-framed .elementor-drop-cap{color:#818a91;border:3px solid;background-color:transparent}.elementor-widget-text-editor:not(.elementor-drop-cap-view-default) .elementor-drop-cap{margin-top:8px}.elementor-widget-text-editor:not(.elementor-drop-cap-view-default) .elementor-drop-cap-letter{width:1em;height:1em}.elementor-widget-text-editor .elementor-drop-cap{float:left;text-align:center;line-height:1;font-size:50px}.elementor-widget-text-editor .elementor-drop-cap-letter{display:inline-block}<\/style>\t\t\t\t<p>Pirmasis pa\u0161to \u017eenklo kaip atsiskaitymo u\u017e pa\u0161to paslaugas id\u0117j\u0105\u00a01834\u00a0m. pasi\u016bl\u0117 britas\u00a0D\u017eeimsas \u010calmersas\u00a0(angl.\u00a0James Chalmers).\u00a0Jungtin\u0117s Karalyst\u0117s\u00a0parlamentas \u012ftvirtino pa\u0161to paslaug\u0173 apmok\u0117jimo \u012fstatym\u0105\u00a01839\u00a0m., ir jau\u00a01840\u00a0m. \u012fsteig\u0117 pa\u0161to tarnyb\u0105, kuri 1840\u00a0m.\u00a0gegu\u017e\u0117s 6\u00a0d. i\u0161leido \u012f apyvart\u0105 pirm\u0105j\u012f pa\u0161to \u017eenkl\u0105. Pirmasis pa\u0161to \u017eenklas vadinosi \u201eJuodasis pensas\u201c (angl.\u00a0Black penny) jis buvo juodos spalvos, jame profiliu pavaizduota\u00a0karalien\u0117 Viktorija.<\/p><p>1874\u00a0m. buvo \u012fkurta\u00a0Pasaulin\u0117 pa\u0161to s\u0105junga, kuri \u012ftvirtino taisykl\u0119, jog pa\u0161to \u017eenkle b\u016btina nurodyti \u0161alies ar teritorijos pavadinim\u0105 lotyni\u0161kais ra\u0161menimis ir jo nominal\u0105 (kain\u0105) arabi\u0161kais skaitmenimis. Vienintelei Jungtinei Karalystei, kaip pirmajai valstybei panaudojusiai pa\u0161to \u017eenkl\u0105, buvo leista nenurodyti \u0161alies pavadinimo ant savo leist\u0173 pa\u0161to \u017eenkl\u0173.<\/p>\t\t\t\t\t\t<\/div>\n\t\t\t\t<\/div>\n\t\t\t\t\t<\/div>\n\t\t<\/div>\n\t\t\t\t<div class=\"elementor-column elementor-col-33 elementor-top-column elementor-element elementor-element-1c3ca4b\" data-id=\"1c3ca4b\" data-element_type=\"column\">\n\t\t\t<div class=\"elementor-widget-wrap elementor-element-populated\">\n\t\t\t\t\t\t\t\t<div class=\"elementor-element elementor-element-a274b39 elementor-widget elementor-widget-image\" data-id=\"a274b39\" data-element_type=\"widget\" data-widget_type=\"image.default\">\n\t\t\t\t<div class=\"elementor-widget-container\">\n\t\t\t<style>\/*! elementor - v3.5.6 - 28-02-2022 *\/\n.elementor-widget-image{text-align:center}.elementor-widget-image a{display:inline-block}.elementor-widget-image a img[src$=\".svg\"]{width:48px}.elementor-widget-image img{vertical-align:middle;display:inline-block}<\/style>\t\t\t\t\t\t\t\t\t\t\t\t<img loading=\"lazy\" decoding=\"async\" width=\"244\" height=\"300\" src=\"https:\/\/www.genealogy.lt\/album\/wp-content\/uploads\/2022\/02\/black-penny-244x300.jpg\" class=\"attachment-medium size-medium\" alt=\"\" srcset=\"https:\/\/www.genealogy.lt\/album\/wp-content\/uploads\/2022\/02\/black-penny-244x300.jpg 244w, https:\/\/www.genealogy.lt\/album\/wp-content\/uploads\/2022\/02\/black-penny.jpg 466w\" sizes=\"auto, (max-width: 244px) 100vw, 244px\" \/>\t\t\t\t\t\t\t\t\t\t\t\t\t\t\t<\/div>\n\t\t\t\t<\/div>\n\t\t\t\t\t<\/div>\n\t\t<\/div>\n\t\t\t\t\t\t\t<\/div>\n\t\t<\/section>\n\t\t\t\t<section class=\"elementor-section elementor-top-section elementor-element elementor-element-14a3209 elementor-section-boxed elementor-section-height-default elementor-section-height-default\" data-id=\"14a3209\" data-element_type=\"section\">\n\t\t\t\t\t\t<div class=\"elementor-container elementor-column-gap-default\">\n\t\t\t\t\t<div class=\"elementor-column elementor-col-100 elementor-top-column elementor-element elementor-element-f59f97e\" data-id=\"f59f97e\" data-element_type=\"column\">\n\t\t\t<div class=\"elementor-widget-wrap elementor-element-populated\">\n\t\t\t\t\t\t\t\t<div class=\"elementor-element elementor-element-3686093 elementor-widget elementor-widget-heading\" data-id=\"3686093\" data-element_type=\"widget\" data-widget_type=\"heading.default\">\n\t\t\t\t<div class=\"elementor-widget-container\">\n\t\t\t<h2 class=\"elementor-heading-title elementor-size-default\">Kolekcijos:<\/h2>\t\t<\/div>\n\t\t\t\t<\/div>\n\t\t\t\t\t<\/div>\n\t\t<\/div>\n\t\t\t\t\t\t\t<\/div>\n\t\t<\/section>\n\t\t\t\t<section class=\"elementor-section elementor-top-section elementor-element elementor-element-356d86b elementor-section-boxed elementor-section-height-default elementor-section-height-default\" data-id=\"356d86b\" data-element_type=\"section\">\n\t\t\t\t\t\t<div class=\"elementor-container elementor-column-gap-default\">\n\t\t\t\t\t<div class=\"elementor-column elementor-col-33 elementor-top-column elementor-element elementor-element-3925304\" data-id=\"3925304\" data-element_type=\"column\">\n\t\t\t<div class=\"elementor-widget-wrap elementor-element-populated\">\n\t\t\t\t\t\t\t\t<div class=\"elementor-element elementor-element-5366a70 elementor-widget elementor-widget-image\" data-id=\"5366a70\" data-element_type=\"widget\" data-widget_type=\"image.default\">\n\t\t\t\t<div class=\"elementor-widget-container\">\n\t\t\t\t\t\t\t\t\t\t\t\t\t\t\t\t<a href=\"http:\/\/www.genealogy.lt\/wordpress\/pirmi-pasaulio-zenklai\" target=\"_blank\">\n\t\t\t\t\t\t\t<img loading=\"lazy\" decoding=\"async\" width=\"244\" height=\"300\" src=\"https:\/\/www.genealogy.lt\/album\/wp-content\/uploads\/2022\/02\/black-penny-244x300.jpg\" class=\"attachment-medium size-medium\" alt=\"\" srcset=\"https:\/\/www.genealogy.lt\/album\/wp-content\/uploads\/2022\/02\/black-penny-244x300.jpg 244w, https:\/\/www.genealogy.lt\/album\/wp-content\/uploads\/2022\/02\/black-penny.jpg 466w\" sizes=\"auto, (max-width: 244px) 100vw, 244px\" \/>\t\t\t\t\t\t\t\t<\/a>\n\t\t\t\t\t\t\t\t\t\t\t\t\t\t\t<\/div>\n\t\t\t\t<\/div>\n\t\t\t\t<div class=\"elementor-element elementor-element-c55b95a elementor-widget elementor-widget-text-editor\" data-id=\"c55b95a\" data-element_type=\"widget\" data-widget_type=\"text-editor.default\">\n\t\t\t\t<div class=\"elementor-widget-container\">\n\t\t\t\t\t\t\t<p><a href=\"http:\/\/www.genealogy.lt\/wordpress\/pirmi-pasaulio-zenklai\/\">Pirmieji pasaulio pa\u0161to \u017eenklai 1840-1870 metai<\/a><\/p>\t\t\t\t\t\t<\/div>\n\t\t\t\t<\/div>\n\t\t\t\t\t<\/div>\n\t\t<\/div>\n\t\t\t\t<div class=\"elementor-column elementor-col-33 elementor-top-column elementor-element elementor-element-21fd273\" data-id=\"21fd273\" data-element_type=\"column\">\n\t\t\t<div class=\"elementor-widget-wrap elementor-element-populated\">\n\t\t\t\t\t\t\t\t<div class=\"elementor-element elementor-element-9c0f013 elementor-widget elementor-widget-image\" data-id=\"9c0f013\" data-element_type=\"widget\" data-widget_type=\"image.default\">\n\t\t\t\t<div class=\"elementor-widget-container\">\n\t\t\t\t\t\t\t\t\t\t\t\t\t\t\t\t<a href=\"http:\/\/www.genealogy.lt\/wordpress\/anglijos-karalienes-viktorijos-1864-1879-metu-red-penny-zenklai\/\">\n\t\t\t\t\t\t\t<img loading=\"lazy\" decoding=\"async\" width=\"274\" height=\"300\" src=\"https:\/\/www.genealogy.lt\/album\/wp-content\/uploads\/2022\/02\/penny-red-stamp-plate-96-qa-superb-og-695-1113x1218-1-274x300.jpg\" class=\"attachment-medium size-medium\" alt=\"\" srcset=\"https:\/\/www.genealogy.lt\/album\/wp-content\/uploads\/2022\/02\/penny-red-stamp-plate-96-qa-superb-og-695-1113x1218-1-274x300.jpg 274w, https:\/\/www.genealogy.lt\/album\/wp-content\/uploads\/2022\/02\/penny-red-stamp-plate-96-qa-superb-og-695-1113x1218-1-936x1024.jpg 936w, https:\/\/www.genealogy.lt\/album\/wp-content\/uploads\/2022\/02\/penny-red-stamp-plate-96-qa-superb-og-695-1113x1218-1-768x840.jpg 768w, https:\/\/www.genealogy.lt\/album\/wp-content\/uploads\/2022\/02\/penny-red-stamp-plate-96-qa-superb-og-695-1113x1218-1.jpg 1113w\" sizes=\"auto, (max-width: 274px) 100vw, 274px\" \/>\t\t\t\t\t\t\t\t<\/a>\n\t\t\t\t\t\t\t\t\t\t\t\t\t\t\t<\/div>\n\t\t\t\t<\/div>\n\t\t\t\t<div class=\"elementor-element elementor-element-016f6a4 elementor-widget elementor-widget-text-editor\" data-id=\"016f6a4\" data-element_type=\"widget\" data-widget_type=\"text-editor.default\">\n\t\t\t\t<div class=\"elementor-widget-container\">\n\t\t\t\t\t\t\t<p><a href=\"http:\/\/www.genealogy.lt\/wordpress\/anglijos-karalienes-viktorijos-1864-1879-metu-red-penny-zenklai\/\">Anglijos karalienis Viktorijos 1864 &#8211; 1879 met\u0173 &#8220;Red penny&#8221; pa\u0161to \u017eenklai<\/a><\/p>\t\t\t\t\t\t<\/div>\n\t\t\t\t<\/div>\n\t\t\t\t\t<\/div>\n\t\t<\/div>\n\t\t\t\t<div class=\"elementor-column elementor-col-33 elementor-top-column elementor-element elementor-element-cc2111b\" data-id=\"cc2111b\" data-element_type=\"column\">\n\t\t\t<div class=\"elementor-widget-wrap elementor-element-populated\">\n\t\t\t\t\t\t\t\t<div class=\"elementor-element elementor-element-83af9cb elementor-widget elementor-widget-image\" data-id=\"83af9cb\" data-element_type=\"widget\" data-widget_type=\"image.default\">\n\t\t\t\t<div class=\"elementor-widget-container\">\n\t\t\t\t\t\t\t\t\t\t\t\t\t\t\t\t<a href=\"http:\/\/www.genealogy.lt\/wordpress\/anglijos-karalienes-viktorijos-laiku-pasto-zenklai-1847-1900-metu-laikotarpis\/\">\n\t\t\t\t\t\t\t<img loading=\"lazy\" decoding=\"async\" width=\"253\" height=\"300\" src=\"https:\/\/www.genealogy.lt\/album\/wp-content\/uploads\/2022\/02\/blue-two-pence-253x300.jpg\" class=\"attachment-medium size-medium\" alt=\"\" srcset=\"https:\/\/www.genealogy.lt\/album\/wp-content\/uploads\/2022\/02\/blue-two-pence-253x300.jpg 253w, https:\/\/www.genealogy.lt\/album\/wp-content\/uploads\/2022\/02\/blue-two-pence.jpg 582w\" sizes=\"auto, (max-width: 253px) 100vw, 253px\" \/>\t\t\t\t\t\t\t\t<\/a>\n\t\t\t\t\t\t\t\t\t\t\t\t\t\t\t<\/div>\n\t\t\t\t<\/div>\n\t\t\t\t<div class=\"elementor-element elementor-element-85ac3f6 elementor-widget elementor-widget-text-editor\" data-id=\"85ac3f6\" data-element_type=\"widget\" data-widget_type=\"text-editor.default\">\n\t\t\t\t<div class=\"elementor-widget-container\">\n\t\t\t\t\t\t\t<p><a href=\"http:\/\/www.genealogy.lt\/wordpress\/anglijos-karalienes-viktorijos-laiku-pasto-zenklai-1847-1900-metu-laikotarpis\/\">Anglijos karalien\u0117s Viktorijos laik\u0173 pa\u0161to \u017eenklai 1847 -1900 met\u0173 laikotarpis<\/a> <\/p>\t\t\t\t\t\t<\/div>\n\t\t\t\t<\/div>\n\t\t\t\t\t<\/div>\n\t\t<\/div>\n\t\t\t\t\t\t\t<\/div>\n\t\t<\/section>\n\t\t\t\t\t\t<\/div>\n\t\t\t\t\t<\/div>\n\t\t","protected":false},"excerpt":{"rendered":"<p>Pirmieji pasaulyje pa\u0161to \u017eenklai Pirmasis pa\u0161to \u017eenklo kaip atsiskaitymo u\u017e pa\u0161to paslaugas id\u0117j\u0105\u00a01834\u00a0m. pasi\u016bl\u0117 britas\u00a0D\u017eeimsas \u010calmersas\u00a0(angl.\u00a0James Chalmers).\u00a0Jungtin\u0117s Karalyst\u0117s\u00a0parlamentas \u012ftvirtino pa\u0161to paslaug\u0173 apmok\u0117jimo \u012fstatym\u0105\u00a01839\u00a0m., ir jau\u00a01840\u00a0m. \u012fsteig\u0117 pa\u0161to tarnyb\u0105, kuri 1840\u00a0m.\u00a0gegu\u017e\u0117s 6\u00a0d. i\u0161leido \u012f apyvart\u0105 pirm\u0105j\u012f pa\u0161to \u017eenkl\u0105. Pirmasis pa\u0161to \u017eenklas vadinosi \u201eJuodasis pensas\u201c (angl.\u00a0Black penny) jis buvo juodos spalvos, jame profiliu pavaizduota\u00a0karalien\u0117 Viktorija. 1874\u00a0m. buvo &hellip;<\/p>\n<p class=\"read-more\"> <a class=\"\" href=\"https:\/\/www.genealogy.lt\/album\/pirmieji-pasaulio-pasto-zenklai\/\"> <span class=\"screen-reader-text\">Pirmieji pasaulio pa\u0161to \u017eenklai<\/span> Read More &raquo;<\/a><\/p>\n","protected":false},"author":1,"featured_media":0,"parent":0,"menu_order":0,"comment_status":"closed","ping_status":"closed","template":"","meta":{"site-sidebar-layout":"no-sidebar","site-content-layout":"page-builder","ast-main-header-display":"","ast-hfb-above-header-display":"","ast-hfb-below-header-display":"","ast-hfb-mobile-header-display":"","site-post-title":"disabled","ast-breadcrumbs-content":"","ast-featured-img":"disabled","footer-sml-layout":"","theme-transparent-header-meta":"","adv-header-id-meta":"","stick-header-meta":"","header-above-stick-meta":"","header-main-stick-meta":"","header-below-stick-meta":"","ngg_post_thumbnail":0,"footnotes":""},"class_list":["post-2912","page","type-page","status-publish","hentry"],"_links":{"self":[{"href":"https:\/\/www.genealogy.lt\/album\/wp-json\/wp\/v2\/pages\/2912","targetHints":{"allow":["GET"]}}],"collection":[{"href":"https:\/\/www.genealogy.lt\/album\/wp-json\/wp\/v2\/pages"}],"about":[{"href":"https:\/\/www.genealogy.lt\/album\/wp-json\/wp\/v2\/types\/page"}],"author":[{"embeddable":true,"href":"https:\/\/www.genealogy.lt\/album\/wp-json\/wp\/v2\/users\/1"}],"replies":[{"embeddable":true,"href":"https:\/\/www.genealogy.lt\/album\/wp-json\/wp\/v2\/comments?post=2912"}],"version-history":[{"count":40,"href":"https:\/\/www.genealogy.lt\/album\/wp-json\/wp\/v2\/pages\/2912\/revisions"}],"predecessor-version":[{"id":3983,"href":"https:\/\/www.genealogy.lt\/album\/wp-json\/wp\/v2\/pages\/2912\/revisions\/3983"}],"wp:attachment":[{"href":"https:\/\/www.genealogy.lt\/album\/wp-json\/wp\/v2\/media?parent=2912"}],"curies":[{"name":"wp","href":"https:\/\/api.w.org\/{rel}","templated":true}]}}