{"id":4219,"date":"2022-02-28T09:46:20","date_gmt":"2022-02-28T09:46:20","guid":{"rendered":"http:\/\/www.genealogy.lt\/wordpress\/?page_id=4219"},"modified":"2022-03-01T18:05:08","modified_gmt":"2022-03-01T18:05:08","slug":"alytaus-tiltai","status":"publish","type":"page","link":"http:\/\/www.genealogy.lt\/album\/alytaus-tiltai\/","title":{"rendered":"Alytaus tiltai"},"content":{"rendered":"\t\t<div data-elementor-type=\"wp-page\" data-elementor-id=\"4219\" class=\"elementor elementor-4219\" data-elementor-settings=\"[]\">\n\t\t\t\t\t\t\t<div class=\"elementor-section-wrap\">\n\t\t\t\t\t\t\t<section class=\"elementor-section elementor-top-section elementor-element elementor-element-bea4ce3 elementor-section-boxed elementor-section-height-default elementor-section-height-default\" data-id=\"bea4ce3\" data-element_type=\"section\">\n\t\t\t\t\t\t<div class=\"elementor-container elementor-column-gap-default\">\n\t\t\t\t\t<div class=\"elementor-column elementor-col-100 elementor-top-column elementor-element elementor-element-cfbdcfb\" data-id=\"cfbdcfb\" data-element_type=\"column\">\n\t\t\t<div class=\"elementor-widget-wrap elementor-element-populated\">\n\t\t\t\t\t\t\t\t<div class=\"elementor-element elementor-element-01e3d7f elementor-widget elementor-widget-heading\" data-id=\"01e3d7f\" data-element_type=\"widget\" data-widget_type=\"heading.default\">\n\t\t\t\t<div class=\"elementor-widget-container\">\n\t\t\t<style>\/*! elementor - v3.5.6 - 28-02-2022 *\/\n.elementor-heading-title{padding:0;margin:0;line-height:1}.elementor-widget-heading .elementor-heading-title[class*=elementor-size-]>a{color:inherit;font-size:inherit;line-height:inherit}.elementor-widget-heading .elementor-heading-title.elementor-size-small{font-size:15px}.elementor-widget-heading .elementor-heading-title.elementor-size-medium{font-size:19px}.elementor-widget-heading .elementor-heading-title.elementor-size-large{font-size:29px}.elementor-widget-heading .elementor-heading-title.elementor-size-xl{font-size:39px}.elementor-widget-heading .elementor-heading-title.elementor-size-xxl{font-size:59px}<\/style><h2 class=\"elementor-heading-title elementor-size-default\">Knyga \"Alytaus tiltai\"<\/h2>\t\t<\/div>\n\t\t\t\t<\/div>\n\t\t\t\t<div class=\"elementor-element elementor-element-299b390 elementor-widget elementor-widget-text-editor\" data-id=\"299b390\" data-element_type=\"widget\" data-widget_type=\"text-editor.default\">\n\t\t\t\t<div class=\"elementor-widget-container\">\n\t\t\t<style>\/*! elementor - v3.5.6 - 28-02-2022 *\/\n.elementor-widget-text-editor.elementor-drop-cap-view-stacked .elementor-drop-cap{background-color:#818a91;color:#fff}.elementor-widget-text-editor.elementor-drop-cap-view-framed .elementor-drop-cap{color:#818a91;border:3px solid;background-color:transparent}.elementor-widget-text-editor:not(.elementor-drop-cap-view-default) .elementor-drop-cap{margin-top:8px}.elementor-widget-text-editor:not(.elementor-drop-cap-view-default) .elementor-drop-cap-letter{width:1em;height:1em}.elementor-widget-text-editor .elementor-drop-cap{float:left;text-align:center;line-height:1;font-size:50px}.elementor-widget-text-editor .elementor-drop-cap-letter{display:inline-block}<\/style>\t\t\t\t<p>Tiltai \u2013 vieni seniausi\u0173 \u017emonijos statini\u0173. \u0160ie specifiniai in\u017eineriniai statiniai sud\u0117tingi konstrukciniu po\u017ei\u016briu visuomet tiksliai atspind\u0117jo kra\u0161to ekonomin\u012f, in\u017einerin\u012f ir architekt\u016brin\u012f lyg\u012f. Tiltai turi istorin\u0119, technin\u0119, architekt\u016brin\u0119 vertes ir yra neatsiejamas keli\u0173 pl\u0117tros atributas.<\/p><p>Tiltas visada buvo sausumos kelio dalis, jungianti keli\u0105 per gamtin\u0119 kli\u016bt\u012f. Tad prie\u017eastis tiltui atsirasti visada buvo kelio linijos suformavimas, pirma kelias, ir tik po to tiltas. Pa\u017eintis su seniausiais ir naujausiais tiltais atveria gra\u017eiausius miest\u0173 bei miesteli\u0173 vaizdus, supa\u017eindina su vietovi\u0173 geografija ir istorija.<\/p><p>Knyga \u201eAlytaus tiltai\u201c sudaryta keli\u0173 statybos in\u017einieriaus, tilt\u0173 statytojo Henriko Adolfo Kebeikio kolekcijos pagrindu, maloniai autoriui leidus ja pasinaudoti, papildyta nauja informacija supa\u017eindina su Alytaus miesto tilt\u0173 istorija. Dialogas su miestu per tilt\u0173 istorijas pad\u0117s per \u012fvairias patirtis suprasti miesto daugiasluoksni\u0161kum\u0105, per skirtingas prizmes pamatyti jo pasl\u0117ptas vertybes.<\/p><p>\u00a0<\/p><p>\u00a9 Tekst\u0173 autorius &#8211; Giedrius Bernatavi\u010dius<\/p><p>\u00a9 Kalbos redaktor\u0117s &#8211; Daiva Gaskien\u0117 ir R\u016bta Jasionien\u0117<\/p><p>\u00a9 Leid\u0117jai &#8211; asociacija Dz\u016bk\u0173 kult\u016bros draug\u0117 ir UAB &#8220;Diza&#8221;<\/p>\t\t\t\t\t\t<\/div>\n\t\t\t\t<\/div>\n\t\t\t\t<div class=\"elementor-element elementor-element-739d65a elementor-widget elementor-widget-image\" data-id=\"739d65a\" data-element_type=\"widget\" data-widget_type=\"image.default\">\n\t\t\t\t<div class=\"elementor-widget-container\">\n\t\t\t<style>\/*! elementor - v3.5.6 - 28-02-2022 *\/\n.elementor-widget-image{text-align:center}.elementor-widget-image a{display:inline-block}.elementor-widget-image a img[src$=\".svg\"]{width:48px}.elementor-widget-image img{vertical-align:middle;display:inline-block}<\/style>\t\t\t\t\t\t\t\t\t\t\t\t<img loading=\"lazy\" decoding=\"async\" width=\"768\" height=\"593\" src=\"http:\/\/www.genealogy.lt\/album\/wp-content\/uploads\/2022\/02\/Alytaus-tiltai-768x593.jpg\" class=\"attachment-medium_large size-medium_large\" alt=\"\" srcset=\"http:\/\/www.genealogy.lt\/album\/wp-content\/uploads\/2022\/02\/Alytaus-tiltai-768x593.jpg 768w, http:\/\/www.genealogy.lt\/album\/wp-content\/uploads\/2022\/02\/Alytaus-tiltai-300x232.jpg 300w, http:\/\/www.genealogy.lt\/album\/wp-content\/uploads\/2022\/02\/Alytaus-tiltai-1024x790.jpg 1024w, http:\/\/www.genealogy.lt\/album\/wp-content\/uploads\/2022\/02\/Alytaus-tiltai.jpg 1200w\" sizes=\"auto, (max-width: 768px) 100vw, 768px\" \/>\t\t\t\t\t\t\t\t\t\t\t\t\t\t\t<\/div>\n\t\t\t\t<\/div>\n\t\t\t\t\t<\/div>\n\t\t<\/div>\n\t\t\t\t\t\t\t<\/div>\n\t\t<\/section>\n\t\t\t\t\t\t<\/div>\n\t\t\t\t\t<\/div>\n\t\t","protected":false},"excerpt":{"rendered":"<p>Knyga &#8220;Alytaus tiltai&#8221; Tiltai \u2013 vieni seniausi\u0173 \u017emonijos statini\u0173. \u0160ie specifiniai in\u017eineriniai statiniai sud\u0117tingi konstrukciniu po\u017ei\u016briu visuomet tiksliai atspind\u0117jo kra\u0161to ekonomin\u012f, in\u017einerin\u012f ir architekt\u016brin\u012f lyg\u012f. Tiltai turi istorin\u0119, technin\u0119, architekt\u016brin\u0119 vertes ir yra neatsiejamas keli\u0173 pl\u0117tros atributas. Tiltas visada buvo sausumos kelio dalis, jungianti keli\u0105 per gamtin\u0119 kli\u016bt\u012f. Tad prie\u017eastis tiltui atsirasti visada buvo kelio &hellip;<\/p>\n<p class=\"read-more\"> <a class=\"\" href=\"http:\/\/www.genealogy.lt\/album\/alytaus-tiltai\/\"> <span class=\"screen-reader-text\">Alytaus tiltai<\/span> Read More &raquo;<\/a><\/p>\n","protected":false},"author":1,"featured_media":0,"parent":0,"menu_order":0,"comment_status":"closed","ping_status":"closed","template":"","meta":{"site-sidebar-layout":"no-sidebar","site-content-layout":"page-builder","ast-main-header-display":"","ast-hfb-above-header-display":"","ast-hfb-below-header-display":"","ast-hfb-mobile-header-display":"","site-post-title":"disabled","ast-breadcrumbs-content":"","ast-featured-img":"disabled","footer-sml-layout":"","theme-transparent-header-meta":"","adv-header-id-meta":"","stick-header-meta":"","header-above-stick-meta":"","header-main-stick-meta":"","header-below-stick-meta":"","ngg_post_thumbnail":0,"footnotes":""},"class_list":["post-4219","page","type-page","status-publish","hentry"],"_links":{"self":[{"href":"http:\/\/www.genealogy.lt\/album\/wp-json\/wp\/v2\/pages\/4219","targetHints":{"allow":["GET"]}}],"collection":[{"href":"http:\/\/www.genealogy.lt\/album\/wp-json\/wp\/v2\/pages"}],"about":[{"href":"http:\/\/www.genealogy.lt\/album\/wp-json\/wp\/v2\/types\/page"}],"author":[{"embeddable":true,"href":"http:\/\/www.genealogy.lt\/album\/wp-json\/wp\/v2\/users\/1"}],"replies":[{"embeddable":true,"href":"http:\/\/www.genealogy.lt\/album\/wp-json\/wp\/v2\/comments?post=4219"}],"version-history":[{"count":15,"href":"http:\/\/www.genealogy.lt\/album\/wp-json\/wp\/v2\/pages\/4219\/revisions"}],"predecessor-version":[{"id":5967,"href":"http:\/\/www.genealogy.lt\/album\/wp-json\/wp\/v2\/pages\/4219\/revisions\/5967"}],"wp:attachment":[{"href":"http:\/\/www.genealogy.lt\/album\/wp-json\/wp\/v2\/media?parent=4219"}],"curies":[{"name":"wp","href":"https:\/\/api.w.org\/{rel}","templated":true}]}}